{"id":18,"date":"2026-02-04T13:15:39","date_gmt":"2026-02-04T13:15:39","guid":{"rendered":"https:\/\/petitmatos.fr\/?page_id=18"},"modified":"2026-02-06T20:08:12","modified_gmt":"2026-02-06T20:08:12","slug":"publier-une-annonce","status":"publish","type":"page","link":"https:\/\/petitmatos.fr\/index.php\/publier-une-annonce\/","title":{"rendered":"Publier une annonce"},"content":{"rendered":"\n<p>D\u00e9posez votre annonce en quelques minutes.<\/p>\n\n\n\r\n                    \r\n    \r\n<form action=\"\" method=\"post\" class=\"adverts-form adverts-form-aligned\">\r\n    <fieldset>\r\n        \r\n                <input type=\"hidden\" name=\"_post_id\" id=\"_post_id\"  \/>                <input type=\"hidden\" name=\"_adverts_action\" id=\"_adverts_action\" value=\"preview\"  \/>                <input type=\"hidden\" name=\"_wpadverts_checksum\" id=\"_wpadverts_checksum\" value=\"311e8cb2b9d22583d01267e5766d25b8\"  \/>                <input type=\"hidden\" name=\"_wpadverts_checksum_nonce\" id=\"_wpadverts_checksum_nonce\" value=\"14a1d88f9f\"  \/>                <input type=\"hidden\" name=\"_post_id_nonce\" id=\"_post_id_nonce\"  \/>                <input type=\"hidden\" name=\"_timetrap_field\" id=\"_timetrap_field\" value=\"SWV5S2g0WEh4bUVDN3FEUXc3VHB1Zz09\"  \/>                \r\n                \r\n        <div class=\"adverts-control-group adverts-field-header adverts-field-name-_contact_information \">\r\n            \r\n                        <div class=\"adverts-field-header\">\r\n                <span class=\"adverts-field-header-title\">Information de contact<\/span>\r\n                            <\/div>\r\n                        \r\n                        \r\n        <\/div>\r\n                \r\n        <div class=\"adverts-control-group adverts-field-account adverts-field-name-_adverts_account \">\r\n            \r\n                        \r\n            <label for=\"_adverts_account\">\r\n                Compte                            <\/label>\r\n            \r\n            <div class=\"adverts-form-input-group adverts-form-input-group-checkbox adverts-field-rows-1\" ><div ><label for=\"_adverts_account_1\" ><input type=\"checkbox\" name=\"_adverts_account[]\" id=\"_adverts_account_1\" value=\"1\"  \/> Me cr\u00e9er un compte afin que je puisse g\u00e9rer mes annonces (un mot-de-passe vous sera envoy\u00e9) ou <a href=\"https:\/\/petitmatos.fr\/wp-login.php?redirect_to=https%3A%2F%2Fpetitmatos.fr%2Findex.php%2Fpublier-une-annonce%2F\">Connexion<\/a><\/label><\/div><\/div>\r\n                        \r\n                        \r\n        <\/div>\r\n                \r\n        <div class=\"adverts-control-group adverts-field-text adverts-field-name-adverts_person \">\r\n            \r\n                        \r\n            <label for=\"adverts_person\">\r\n                Personne de contact                                <span class=\"adverts-form-required\">*<\/span>\r\n                            <\/label>\r\n            \r\n            <input type=\"text\" name=\"adverts_person\" id=\"adverts_person\"  \/>\r\n                        \r\n                        \r\n        <\/div>\r\n                \r\n        <div class=\"adverts-control-group adverts-field-text adverts-field-name-adverts_email \">\r\n            \r\n                        \r\n            <label for=\"adverts_email\">\r\n                E mail                                <span class=\"adverts-form-required\">*<\/span>\r\n                            <\/label>\r\n            \r\n            <input type=\"text\" name=\"adverts_email\" id=\"adverts_email\"  \/>\r\n                        \r\n                        \r\n        <\/div>\r\n                \r\n        <div class=\"adverts-control-group adverts-field-text adverts-field-name-adverts_phone \">\r\n            \r\n                        \r\n            <label for=\"adverts_phone\">\r\n                N\u00b0 de t\u00e9l\u00e9phone                            <\/label>\r\n            \r\n            <input type=\"text\" name=\"adverts_phone\" id=\"adverts_phone\"  \/>\r\n                        \r\n                        \r\n        <\/div>\r\n                \r\n        <div class=\"adverts-control-group adverts-field-header adverts-field-name-_item_information \">\r\n            \r\n                        <div class=\"adverts-field-header\">\r\n                <span class=\"adverts-field-header-title\">Texte d&#039;information<\/span>\r\n                            <\/div>\r\n                        \r\n                        \r\n        <\/div>\r\n                \r\n        <div class=\"adverts-control-group adverts-field-text adverts-field-name-post_title \">\r\n            \r\n                        \r\n            <label for=\"post_title\">\r\n                Titre                                <span class=\"adverts-form-required\">*<\/span>\r\n                            <\/label>\r\n            \r\n            <input type=\"text\" name=\"post_title\" id=\"post_title\"  \/>\r\n                        \r\n                        \r\n        <\/div>\r\n                \r\n        <div class=\"adverts-control-group adverts-field-select adverts-field-name-advert_category \">\r\n            \r\n                        \r\n            <label for=\"advert_category\">\r\n                Cat\u00e9gorie                            <\/label>\r\n            \r\n            <select id=\"advert_category\" name=\"advert_category[]\" class=\" adverts-multiselect adverts-max-choices[10]\" multiple=\"multiple\" ><option value=\"11\" >chaise haute<\/option><option value=\"8\" >Default<\/option><option value=\"13\" >Divers<\/option><option value=\"10\" >Lit parapluie<\/option><option value=\"12\" >Porte b\u00e9b\u00e9<\/option><option value=\"9\" >Poussette<\/option><\/select>\r\n                        \r\n                        \r\n        <\/div>\r\n                \r\n        <div class=\"adverts-control-group adverts-field-gallery adverts-field-name-gallery \">\r\n            \r\n                        \r\n            <label for=\"gallery\">\r\n                Galerie                            <\/label>\r\n            \r\n            \n\n        <div id=\"adverts-plupload-upload-ui-gallery\" class=\"adverts-plupload-upload-ui adverts-browser-frontend\">\n        <div id=\"adverts-drag-drop-area-gallery\"class=\"adverts-drag-drop-area\">\n        \n        <\/div>\n        <div class=\"adverts-gallery\">\n            <p>D\u00e9poser les fichiers ici pour les ajouter<\/p>\n            <p><a href=\"#\" id=\"adverts-plupload-browse-button-gallery\" class=\"adverts-plupload-browse-button adverts-button\">Ajouter des images\u2026<\/a><\/p>\n        <\/div>\n        <div class=\"adverts-gallery-uploads\">\n\n        <\/div>\n\n    <\/div>\n        \n            \n    \r\n                        \r\n                        \r\n        <\/div>\r\n                \r\n        <div class=\"adverts-control-group adverts-field-textarea adverts-field-name-post_content \">\r\n            \r\n                        \r\n            <label for=\"post_content\">\r\n                Description                                 <span class=\"adverts-form-required\">*<\/span>\r\n                            <\/label>\r\n            \r\n            <div id=\"wp-post_content-wrap\" class=\"wp-core-ui wp-editor-wrap tmce-active\"><link rel='stylesheet' id='dashicons-css' href='https:\/\/petitmatos.fr\/wp-includes\/css\/dashicons.min.css?ver=6.9.4' media='all' \/>\n<link rel='stylesheet' id='editor-buttons-css' href='https:\/\/petitmatos.fr\/wp-includes\/css\/editor.min.css?ver=6.9.4' media='all' \/>\n<div id=\"wp-post_content-editor-container\" class=\"wp-editor-container\"><textarea class=\"wp-editor-area\" rows=\"8\" autocomplete=\"off\" cols=\"40\" name=\"post_content\" id=\"post_content\"><\/textarea><\/div>\n<\/div>\n\n\r\n                        \r\n                        \r\n        <\/div>\r\n                \r\n        <div class=\"adverts-control-group adverts-field-text adverts-field-name-adverts_price \">\r\n            \r\n                        \r\n            <label for=\"adverts_price\">\r\n                Prix                            <\/label>\r\n            \r\n            <input type=\"text\" name=\"adverts_price\" id=\"adverts_price\" class=\"adverts-filter-money\"  \/>\r\n                        \r\n                        \r\n        <\/div>\r\n                \r\n        <div class=\"adverts-control-group adverts-field-text adverts-field-name-adverts_location \">\r\n            \r\n                        \r\n            <label for=\"adverts_location\">\r\n                Localit\u00e9                            <\/label>\r\n            \r\n            <input type=\"text\" name=\"adverts_location\" id=\"adverts_location\"  \/>\r\n                        \r\n                        \r\n        <\/div>\r\n                \r\n        <div class=\"adverts-control-group adverts-field-actions\">\r\n\r\n            <input type=\"submit\" name=\"submit\" value=\"Pr\u00e9visualiser\" style=\"font-size:1.2em\" class=\"adverts-button adverts-cancel-unload\" \/>\r\n        <\/div>\r\n        \r\n    <\/fieldset>\r\n<\/form>\n\n\n\n<p><\/p>\n","protected":false},"excerpt":{"rendered":"<p>D\u00e9posez votre annonce en quelques minutes.<\/p>\n","protected":false},"author":1,"featured_media":0,"parent":0,"menu_order":0,"comment_status":"closed","ping_status":"closed","template":"","meta":{"site-sidebar-layout":"default","site-content-layout":"","ast-site-content-layout":"default","site-content-style":"default","site-sidebar-style":"default","ast-global-header-display":"","ast-banner-title-visibility":"","ast-main-header-display":"","ast-hfb-above-header-display":"","ast-hfb-below-header-display":"","ast-hfb-mobile-header-display":"","site-post-title":"","ast-breadcrumbs-content":"","ast-featured-img":"","footer-sml-layout":"","ast-disable-related-posts":"","theme-transparent-header-meta":"","adv-header-id-meta":"","stick-header-meta":"","header-above-stick-meta":"","header-main-stick-meta":"","header-below-stick-meta":"","astra-migrate-meta-layouts":"default","ast-page-background-enabled":"default","ast-page-background-meta":{"desktop":{"background-color":"var(--ast-global-color-5)","background-image":"","background-repeat":"repeat","background-position":"center center","background-size":"auto","background-attachment":"scroll","background-type":"","background-media":"","overlay-type":"","overlay-color":"","overlay-opacity":"","overlay-gradient":""},"tablet":{"background-color":"","background-image":"","background-repeat":"repeat","background-position":"center center","background-size":"auto","background-attachment":"scroll","background-type":"","background-media":"","overlay-type":"","overlay-color":"","overlay-opacity":"","overlay-gradient":""},"mobile":{"background-color":"","background-image":"","background-repeat":"repeat","background-position":"center center","background-size":"auto","background-attachment":"scroll","background-type":"","background-media":"","overlay-type":"","overlay-color":"","overlay-opacity":"","overlay-gradient":""}},"ast-content-background-meta":{"desktop":{"background-color":"var(--ast-global-color-4)","background-image":"","background-repeat":"repeat","background-position":"center center","background-size":"auto","background-attachment":"scroll","background-type":"","background-media":"","overlay-type":"","overlay-color":"","overlay-opacity":"","overlay-gradient":""},"tablet":{"background-color":"var(--ast-global-color-4)","background-image":"","background-repeat":"repeat","background-position":"center center","background-size":"auto","background-attachment":"scroll","background-type":"","background-media":"","overlay-type":"","overlay-color":"","overlay-opacity":"","overlay-gradient":""},"mobile":{"background-color":"var(--ast-global-color-4)","background-image":"","background-repeat":"repeat","background-position":"center center","background-size":"auto","background-attachment":"scroll","background-type":"","background-media":"","overlay-type":"","overlay-color":"","overlay-opacity":"","overlay-gradient":""}},"footnotes":""},"class_list":["post-18","page","type-page","status-publish","hentry"],"_links":{"self":[{"href":"https:\/\/petitmatos.fr\/index.php\/wp-json\/wp\/v2\/pages\/18","targetHints":{"allow":["GET"]}}],"collection":[{"href":"https:\/\/petitmatos.fr\/index.php\/wp-json\/wp\/v2\/pages"}],"about":[{"href":"https:\/\/petitmatos.fr\/index.php\/wp-json\/wp\/v2\/types\/page"}],"author":[{"embeddable":true,"href":"https:\/\/petitmatos.fr\/index.php\/wp-json\/wp\/v2\/users\/1"}],"replies":[{"embeddable":true,"href":"https:\/\/petitmatos.fr\/index.php\/wp-json\/wp\/v2\/comments?post=18"}],"version-history":[{"count":2,"href":"https:\/\/petitmatos.fr\/index.php\/wp-json\/wp\/v2\/pages\/18\/revisions"}],"predecessor-version":[{"id":28,"href":"https:\/\/petitmatos.fr\/index.php\/wp-json\/wp\/v2\/pages\/18\/revisions\/28"}],"wp:attachment":[{"href":"https:\/\/petitmatos.fr\/index.php\/wp-json\/wp\/v2\/media?parent=18"}],"curies":[{"name":"wp","href":"https:\/\/api.w.org\/{rel}","templated":true}]}}