{"id":20,"date":"2026-02-04T13:17:15","date_gmt":"2026-02-04T13:17:15","guid":{"rendered":"https:\/\/petitmatos.fr\/?page_id=20"},"modified":"2026-02-06T20:09:56","modified_gmt":"2026-02-06T20:09:56","slug":"comment-ca-marche","status":"publish","type":"page","link":"https:\/\/petitmatos.fr\/index.php\/comment-ca-marche\/","title":{"rendered":"A propos : L&rsquo;histoire de Petit Matos"},"content":{"rendered":"\n<p class=\"has-text-align-center\"><strong>Pourquoi Petit Matos ?<\/strong><\/p>\n\n\n\n<p class=\"has-text-align-center\">Petit Matos est n\u00e9 de notre exp\u00e9rience de parents de jumeaux. Petit Matos a donc \u00e9t\u00e9 cr\u00e9\u00e9 pour simplifier la vie des parents et des familles en vacances. Avec des jumeaux, des fr\u00e8res et s\u0153urs, ou juste beaucoup de mat\u00e9riel a transporter, on sait combien cela peut \u00eatre compliqu\u00e9 et encombrant.<\/p>\n\n\n\n<p class=\"has-text-align-center\">L&rsquo;id\u00e9e est simple : vous pouvez louer le mat\u00e9riel de pu\u00e9riculture directement sur place, chez le particulier, pour une journ\u00e9e, une semaine, ou plus.<\/p>\n\n\n\n<p class=\"has-text-align-center\">Que se soit pour les parents, les grands parents qui re\u00e7oivent leurs petits-enfants, ou toute personne ayant besoin d&rsquo;un mat\u00e9riel temporaire, Petit Matos, permet de gagner de la place, du temps et de l&rsquo;argent. <\/p>\n\n\n\n<p class=\"has-text-align-center\">De plus, en devenant parents, on se retrouve vite avec \u00e9norm\u00e9ment de mat\u00e9riel de pu\u00e9riculture. Et quand b\u00e9b\u00e9 grandit, on essaye souvent de le revendre, mais ce n&rsquo;est pas toujours simple : \u00e7a prend du temps, \u00e7a se vend mal, et on finit parfois par tout stocker.<\/p>\n\n\n\n<p class=\"has-text-align-center\">Avec Petit Matos, l&rsquo;id\u00e9e est diff\u00e9rente : plut\u00f4t que de laisser ce mat\u00e9riels dormir dans le garage, on peut le louer \u00e0 d&rsquo;autres familles. Cela permet \u00e0 certains parents de se d\u00e9placer plus l\u00e9ger, et a d&rsquo;autres de faire des \u00e9conomies en louant uniquement quand ils en ont besoin.<\/p>\n\n\n\n<p class=\"has-text-align-center\">Merci \u2764<\/p>\n\n\n\n<p><\/p>\n\n\n\n<p><\/p>\n\n\n\n<p class=\"has-text-align-center\"><strong>R\u00e8gles de biens\u00e9ance :<\/strong><\/p>\n\n\n\n<ul class=\"wp-block-list\">\n<li>Respectez les biens pr\u00eat\u00e9s, et les rendre en bon \u00e9tat.<\/li>\n\n\n\n<li>Communiquez clairement entre propri\u00e9taire et loueur.<\/li>\n\n\n\n<li>Respecter les horaires de r\u00e9cup\u00e9ration et retour.<\/li>\n<\/ul>\n\n\n\n<p>Merci de contribuer \u00e0 une communaut\u00e9 fiable et bienveillante !<\/p>\n\n\n\n<p><\/p>\n","protected":false},"excerpt":{"rendered":"<p>Pourquoi Petit Matos ? Petit Matos est n\u00e9 de notre exp\u00e9rience de parents de jumeaux. Petit Matos a donc \u00e9t\u00e9 [&hellip;]<\/p>\n","protected":false},"author":1,"featured_media":0,"parent":0,"menu_order":0,"comment_status":"closed","ping_status":"closed","template":"","meta":{"site-sidebar-layout":"default","site-content-layout":"","ast-site-content-layout":"default","site-content-style":"default","site-sidebar-style":"default","ast-global-header-display":"","ast-banner-title-visibility":"","ast-main-header-display":"","ast-hfb-above-header-display":"","ast-hfb-below-header-display":"","ast-hfb-mobile-header-display":"","site-post-title":"","ast-breadcrumbs-content":"","ast-featured-img":"","footer-sml-layout":"","ast-disable-related-posts":"","theme-transparent-header-meta":"","adv-header-id-meta":"","stick-header-meta":"","header-above-stick-meta":"","header-main-stick-meta":"","header-below-stick-meta":"","astra-migrate-meta-layouts":"default","ast-page-background-enabled":"default","ast-page-background-meta":{"desktop":{"background-color":"var(--ast-global-color-5)","background-image":"","background-repeat":"repeat","background-position":"center center","background-size":"auto","background-attachment":"scroll","background-type":"","background-media":"","overlay-type":"","overlay-color":"","overlay-opacity":"","overlay-gradient":""},"tablet":{"background-color":"","background-image":"","background-repeat":"repeat","background-position":"center center","background-size":"auto","background-attachment":"scroll","background-type":"","background-media":"","overlay-type":"","overlay-color":"","overlay-opacity":"","overlay-gradient":""},"mobile":{"background-color":"","background-image":"","background-repeat":"repeat","background-position":"center center","background-size":"auto","background-attachment":"scroll","background-type":"","background-media":"","overlay-type":"","overlay-color":"","overlay-opacity":"","overlay-gradient":""}},"ast-content-background-meta":{"desktop":{"background-color":"var(--ast-global-color-4)","background-image":"","background-repeat":"repeat","background-position":"center center","background-size":"auto","background-attachment":"scroll","background-type":"","background-media":"","overlay-type":"","overlay-color":"","overlay-opacity":"","overlay-gradient":""},"tablet":{"background-color":"var(--ast-global-color-4)","background-image":"","background-repeat":"repeat","background-position":"center center","background-size":"auto","background-attachment":"scroll","background-type":"","background-media":"","overlay-type":"","overlay-color":"","overlay-opacity":"","overlay-gradient":""},"mobile":{"background-color":"var(--ast-global-color-4)","background-image":"","background-repeat":"repeat","background-position":"center center","background-size":"auto","background-attachment":"scroll","background-type":"","background-media":"","overlay-type":"","overlay-color":"","overlay-opacity":"","overlay-gradient":""}},"footnotes":""},"class_list":["post-20","page","type-page","status-publish","hentry"],"_links":{"self":[{"href":"https:\/\/petitmatos.fr\/index.php\/wp-json\/wp\/v2\/pages\/20","targetHints":{"allow":["GET"]}}],"collection":[{"href":"https:\/\/petitmatos.fr\/index.php\/wp-json\/wp\/v2\/pages"}],"about":[{"href":"https:\/\/petitmatos.fr\/index.php\/wp-json\/wp\/v2\/types\/page"}],"author":[{"embeddable":true,"href":"https:\/\/petitmatos.fr\/index.php\/wp-json\/wp\/v2\/users\/1"}],"replies":[{"embeddable":true,"href":"https:\/\/petitmatos.fr\/index.php\/wp-json\/wp\/v2\/comments?post=20"}],"version-history":[{"count":5,"href":"https:\/\/petitmatos.fr\/index.php\/wp-json\/wp\/v2\/pages\/20\/revisions"}],"predecessor-version":[{"id":58,"href":"https:\/\/petitmatos.fr\/index.php\/wp-json\/wp\/v2\/pages\/20\/revisions\/58"}],"wp:attachment":[{"href":"https:\/\/petitmatos.fr\/index.php\/wp-json\/wp\/v2\/media?parent=20"}],"curies":[{"name":"wp","href":"https:\/\/api.w.org\/{rel}","templated":true}]}}