{"id":83,"date":"2026-02-07T08:07:10","date_gmt":"2026-02-07T08:07:10","guid":{"rendered":"https:\/\/petitmatos.fr\/?page_id=83"},"modified":"2026-02-07T08:07:11","modified_gmt":"2026-02-07T08:07:11","slug":"contact","status":"publish","type":"page","link":"https:\/\/petitmatos.fr\/index.php\/contact\/","title":{"rendered":"Contact"},"content":{"rendered":"\n<p class=\"has-text-align-center\">Bonjour \ud83d\udc4b<\/p>\n\n\n\n<p class=\"has-text-align-center\">Une question ? un souci avec une annonce ? Une suggestion pour am\u00e9liorer Petit Matos ?<\/p>\n\n\n\n<p class=\"has-text-align-center\">N&rsquo;h\u00e9sitez pas a nous contacter.<\/p>\n\n\n\n<p class=\"has-text-align-center\">\ud83d\udc69\u200d\ud83d\udcbb Tu peux nous \u00e9crire ici : petitmatosdordogne@gmail.com<\/p>\n\n\n\n<p class=\"has-text-align-center\">Nous r\u00e9pondons g\u00e9n\u00e9ralement sous 24 \u00e0 48h.<\/p>\n\n\n\n<p><\/p>\n\n\n\n<p>\u26a0 Besoin d&rsquo;aide rapidement ?<\/p>\n\n\n\n<p>Pense \u00e0 pr\u00e9ciser dans ton message :<\/p>\n\n\n\n<ul class=\"wp-block-list\">\n<li>le titre de l&rsquo;annonce<\/li>\n\n\n\n<li>la ville<\/li>\n\n\n\n<li>ton adresse mail utilis\u00e9e, si diff\u00e9rente de celle utilis\u00e9e sur le site<\/li>\n<\/ul>\n\n\n\n<p><\/p>\n\n\n\n<p><\/p>\n\n\n\n<p class=\"has-text-align-center\">Merci et \u00e0 tr\u00e8s vite !<\/p>\n\n\n\n<p class=\"has-text-align-center\">L&rsquo;\u00e9quipe Petit Matos<\/p>\n\n\n\n<p><\/p>\n","protected":false},"excerpt":{"rendered":"<p>Bonjour \ud83d\udc4b Une question ? un souci avec une annonce ? Une suggestion pour am\u00e9liorer Petit Matos ? N&rsquo;h\u00e9sitez pas [&hellip;]<\/p>\n","protected":false},"author":1,"featured_media":0,"parent":0,"menu_order":0,"comment_status":"closed","ping_status":"closed","template":"","meta":{"site-sidebar-layout":"default","site-content-layout":"","ast-site-content-layout":"default","site-content-style":"default","site-sidebar-style":"default","ast-global-header-display":"","ast-banner-title-visibility":"","ast-main-header-display":"","ast-hfb-above-header-display":"","ast-hfb-below-header-display":"","ast-hfb-mobile-header-display":"","site-post-title":"","ast-breadcrumbs-content":"","ast-featured-img":"","footer-sml-layout":"","ast-disable-related-posts":"","theme-transparent-header-meta":"","adv-header-id-meta":"","stick-header-meta":"","header-above-stick-meta":"","header-main-stick-meta":"","header-below-stick-meta":"","astra-migrate-meta-layouts":"default","ast-page-background-enabled":"default","ast-page-background-meta":{"desktop":{"background-color":"var(--ast-global-color-5)","background-image":"","background-repeat":"repeat","background-position":"center center","background-size":"auto","background-attachment":"scroll","background-type":"","background-media":"","overlay-type":"","overlay-color":"","overlay-opacity":"","overlay-gradient":""},"tablet":{"background-color":"","background-image":"","background-repeat":"repeat","background-position":"center center","background-size":"auto","background-attachment":"scroll","background-type":"","background-media":"","overlay-type":"","overlay-color":"","overlay-opacity":"","overlay-gradient":""},"mobile":{"background-color":"","background-image":"","background-repeat":"repeat","background-position":"center center","background-size":"auto","background-attachment":"scroll","background-type":"","background-media":"","overlay-type":"","overlay-color":"","overlay-opacity":"","overlay-gradient":""}},"ast-content-background-meta":{"desktop":{"background-color":"var(--ast-global-color-4)","background-image":"","background-repeat":"repeat","background-position":"center center","background-size":"auto","background-attachment":"scroll","background-type":"","background-media":"","overlay-type":"","overlay-color":"","overlay-opacity":"","overlay-gradient":""},"tablet":{"background-color":"var(--ast-global-color-4)","background-image":"","background-repeat":"repeat","background-position":"center center","background-size":"auto","background-attachment":"scroll","background-type":"","background-media":"","overlay-type":"","overlay-color":"","overlay-opacity":"","overlay-gradient":""},"mobile":{"background-color":"var(--ast-global-color-4)","background-image":"","background-repeat":"repeat","background-position":"center center","background-size":"auto","background-attachment":"scroll","background-type":"","background-media":"","overlay-type":"","overlay-color":"","overlay-opacity":"","overlay-gradient":""}},"footnotes":""},"class_list":["post-83","page","type-page","status-publish","hentry"],"_links":{"self":[{"href":"https:\/\/petitmatos.fr\/index.php\/wp-json\/wp\/v2\/pages\/83","targetHints":{"allow":["GET"]}}],"collection":[{"href":"https:\/\/petitmatos.fr\/index.php\/wp-json\/wp\/v2\/pages"}],"about":[{"href":"https:\/\/petitmatos.fr\/index.php\/wp-json\/wp\/v2\/types\/page"}],"author":[{"embeddable":true,"href":"https:\/\/petitmatos.fr\/index.php\/wp-json\/wp\/v2\/users\/1"}],"replies":[{"embeddable":true,"href":"https:\/\/petitmatos.fr\/index.php\/wp-json\/wp\/v2\/comments?post=83"}],"version-history":[{"count":1,"href":"https:\/\/petitmatos.fr\/index.php\/wp-json\/wp\/v2\/pages\/83\/revisions"}],"predecessor-version":[{"id":84,"href":"https:\/\/petitmatos.fr\/index.php\/wp-json\/wp\/v2\/pages\/83\/revisions\/84"}],"wp:attachment":[{"href":"https:\/\/petitmatos.fr\/index.php\/wp-json\/wp\/v2\/media?parent=83"}],"curies":[{"name":"wp","href":"https:\/\/api.w.org\/{rel}","templated":true}]}}